{"id":17,"date":"2024-10-13T16:14:08","date_gmt":"2024-10-13T16:14:08","guid":{"rendered":"https:\/\/coiffuresuisse-zhsee.ch.80-74-153-170.malta.metanet.ch\/?page_id=17"},"modified":"2024-10-14T07:29:24","modified_gmt":"2024-10-14T07:29:24","slug":"ueber","status":"publish","type":"page","link":"https:\/\/coiffuresuisse-zhsee.ch\/?page_id=17","title":{"rendered":"Vorteile mit coiffureSUISSE"},"content":{"rendered":"\n<p>Vorteile mit coiffureSUISSE<\/p>\n\n\n\n<h1 class=\"wp-block-heading\">Vorteile mit coiffureSUISSE<\/h1>\n\n\n\n<h4 class=\"wp-block-heading\"><br>Sind Sie Inhaberin oder Inhaber eines Coiffeur Salons?<\/h4>\n\n\n\n<p><\/p>\n\n\n\n<h3 class=\"wp-block-heading\">CoiffeurSUISSE bieten Ihnen geldwerte Vorteile und Informationen aus erster Hand.<\/h3>\n\n\n<div class=\"wp-block-image\">\n<figure class=\"alignright size-full\"><img fetchpriority=\"high\" decoding=\"async\" width=\"215\" height=\"288\" src=\"https:\/\/coiffuresuisse-zhsee.ch\/wp-content\/uploads\/2024\/10\/mann-schild.gif\" alt=\"\" class=\"wp-image-67\"\/><\/figure>\n<\/div>\n\n\n<ul class=\"wp-block-list\">\n<li>G\u00fcnstige Versicherungen f\u00fcr Ihr Unternehmen<\/li>\n\n\n\n<li>Eine komfortable Sozialversicherung und Altersvorsorge<\/li>\n\n\n\n<li>spezialisiert Buchhaltungs- und Treuhandstelle<\/li>\n\n\n\n<li>Ihre eigene Webseite auf www.coiffuresuisse.ch<\/li>\n\n\n\n<li>Ihr regionales Presseportal auf coiffuresuisse-zhsee.ch<\/li>\n\n\n\n<li>Fachzeitschriften Journal und Shop von coiffureSUISSE<\/li>\n\n\n\n<li>Estetica Mode-Zeitschrift und Frisuren-Album<\/li>\n<\/ul>\n\n\n\n<div style=\"height:52px\" aria-hidden=\"true\" class=\"wp-block-spacer\"><\/div>\n\n\n\n<h3 class=\"wp-block-heading\">Versicherungen f\u00fcr Ihren Coiffeur Salon<\/h3>\n\n\n\n<p><strong>coiffure<em>SUISSE<\/em> <\/strong><strong>bietet Ihnen g\u00fcnstige Versicherungen an, die auf die Bed\u00fcrfnisse Ihres Coiffeurgesch\u00e4ftes abgestimmt sind:<\/strong><\/p>\n\n\n<div class=\"wp-block-image\">\n<figure class=\"alignleft size-full is-resized\"><img decoding=\"async\" width=\"200\" height=\"135\" src=\"https:\/\/coiffuresuisse-zhsee.ch\/wp-content\/uploads\/2024\/10\/schloss.jpg\" alt=\"\" class=\"wp-image-70\" style=\"width:236px;height:auto\"\/><\/figure>\n<\/div>\n\n\n<p>> Kranken- und Unfalltaggeld-Versicherung f\u00fcr Inhaberinnen und Inhaber<br>> Krankentaggeld-Versicherung f\u00fcr das Personal<br>> Unfallversicherung nach UVG f\u00fcr das Personal<br>> Betriebshaftpflicht-Versicherung<br>> Gesch\u00e4fts-Sachversicherung zu sehr g\u00fcnstigen Pr\u00e4mien<\/p>\n\n\n\n<div style=\"height:100px\" aria-hidden=\"true\" class=\"wp-block-spacer\"><\/div>\n\n\n\n<h3 class=\"wp-block-heading\">Komfortable Sozialversicherung und Altersvorsorge<\/h3>\n\n\n\n<h4 class=\"wp-block-heading\"><strong>Die Pensionskasse Coiffure &amp;\u00a0Esth\u00e9tique in Bern ist die 2. S\u00e4ule-Vorsorgeinstitution f\u00fcr die Mitglieder von coiffure<em>SUISSE:<\/em><\/strong><\/h4>\n\n\n<div class=\"wp-block-image\">\n<figure class=\"alignleft size-full\"><img decoding=\"async\" width=\"200\" height=\"139\" src=\"https:\/\/coiffuresuisse-zhsee.ch\/wp-content\/uploads\/2024\/10\/coiffeur-altersvorsorge.jpg\" alt=\"\" class=\"wp-image-72\"\/><\/figure>\n<\/div>\n\n\n<p>> Vereinfachte Administration: Bei Melde- und Mutationswesen gen\u00fcgt eine Kontaktaufnahme.<br><br>> Sicherer Profit: Im Vergleich zu anderen Pensionskassen profitieren Sie von sehr g\u00fcnstigen Verwaltungskosten.<br><br>> Mitsprache: \u00dcber den Verband und die Versammlungen haben Sie direkten Einfluss auf wichtige Entscheide in unserer Kasse<br><\/p>\n\n\n\n<div style=\"height:100px\" aria-hidden=\"true\" class=\"wp-block-spacer\"><\/div>\n\n\n\n<h3 class=\"wp-block-heading\">Spezialisierte Coiffeur- Buchhaltungs- und Treuhandstelle<\/h3>\n\n\n\n<h4 class=\"wp-block-heading\"><strong>Die konzessionierte Treuhandstelle von coiffure<em>SUISSE<\/em> in Luzern, bietet Ihnen Diensteilstungen in allen Bereichen der Betriebsverwaltung an:<\/strong><\/h4>\n\n\n<div class=\"wp-block-image\">\n<figure class=\"alignleft size-full\"><img loading=\"lazy\" decoding=\"async\" width=\"200\" height=\"200\" src=\"https:\/\/coiffuresuisse-zhsee.ch\/wp-content\/uploads\/2024\/10\/calc.jpg\" alt=\"\" class=\"wp-image-74\" srcset=\"https:\/\/coiffuresuisse-zhsee.ch\/wp-content\/uploads\/2024\/10\/calc.jpg 200w, https:\/\/coiffuresuisse-zhsee.ch\/wp-content\/uploads\/2024\/10\/calc-150x150.jpg 150w\" sizes=\"(max-width: 200px) 100vw, 200px\" \/><\/figure>\n<\/div>\n\n\n<blockquote class=\"wp-block-quote is-layout-flow wp-block-quote-is-layout-flow\">\n<blockquote class=\"wp-block-quote is-layout-flow wp-block-quote-is-layout-flow\">\n<blockquote class=\"wp-block-quote is-layout-flow wp-block-quote-is-layout-flow\">\n<blockquote class=\"wp-block-quote is-layout-flow wp-block-quote-is-layout-flow\">\n<p>> Rechnungswesen Jahresabschluss und -besprechung<br>> Steuerberatung<br>> Revisionen<br>> Expertisen und Gesch\u00e4ftssch\u00e4tzungen<br>> Kapitalbeschaffung und Unternehmensberatung<br>> Versicherungsberatung<\/p>\n<\/blockquote>\n<\/blockquote>\n<\/blockquote>\n<\/blockquote>\n\n\n\n<div style=\"height:53px\" aria-hidden=\"true\" class=\"wp-block-spacer\"><\/div>\n\n\n\n<h3 class=\"wp-block-heading\">Ihre eigene Coiffeur- Website und eigenes Presseportal<\/h3>\n\n\n\n<p><strong>Auf <\/strong><strong>coiffure<em>SUISSE<\/em>.ch und <\/strong><strong>coiffure<em>SUISSE<\/em>-zhsee.ch k\u00f6nnen Sie Ihren Salon aktiv im Internet bewerben<\/strong><strong>:<\/strong><\/p>\n\n\n<div class=\"wp-block-image\">\n<figure class=\"alignleft size-full\"><img loading=\"lazy\" decoding=\"async\" width=\"200\" height=\"200\" src=\"https:\/\/coiffuresuisse-zhsee.ch\/wp-content\/uploads\/2024\/10\/screen.jpg\" alt=\"\" class=\"wp-image-76\" srcset=\"https:\/\/coiffuresuisse-zhsee.ch\/wp-content\/uploads\/2024\/10\/screen.jpg 200w, https:\/\/coiffuresuisse-zhsee.ch\/wp-content\/uploads\/2024\/10\/screen-150x150.jpg 150w\" sizes=\"(max-width: 200px) 100vw, 200px\" \/><\/figure>\n<\/div>\n\n\n<p>> Journal CoiffureSUISSE, die moderne, trendorientierte FAchzeitschrift erscheint jeden Monat<br> <br>> CoiffureSUISSE Shop ist der 14-t\u00e4gliche Anzeiger mit Fachteil, Stellenanzeigen und Kleininseraten.<br> <br>> Estetica Mode Magazin, 4x im Jahr<br> <br>> Das j\u00e4hrlich erscheinende Estetica Frisuren Album<\/p>\n\n\n\n<div style=\"height:100px\" aria-hidden=\"true\" class=\"wp-block-spacer\"><\/div>\n\n\n\n<h3 class=\"wp-block-heading\">Fachzeitschriften und Frisuren-Album<\/h3>\n\n\n\n<h4 class=\"wp-block-heading\">Journal und Shop \u2013 die offiziellen Fachzeitschriften von coiffure<em>SUISSE <\/em>f\u00fcr das Coiffeurgewerbe in der Schweiz:<\/h4>\n\n\n<div class=\"wp-block-image\">\n<figure class=\"alignleft size-full\"><img loading=\"lazy\" decoding=\"async\" width=\"200\" height=\"200\" src=\"https:\/\/coiffuresuisse-zhsee.ch\/wp-content\/uploads\/2024\/10\/journal.jpg\" alt=\"\" class=\"wp-image-77\" srcset=\"https:\/\/coiffuresuisse-zhsee.ch\/wp-content\/uploads\/2024\/10\/journal.jpg 200w, https:\/\/coiffuresuisse-zhsee.ch\/wp-content\/uploads\/2024\/10\/journal-150x150.jpg 150w\" sizes=\"(max-width: 200px) 100vw, 200px\" \/><\/figure>\n<\/div>\n\n\n<p>&gt; Journal CoiffureSUISSE, die moderne, trendorientierte FAchzeitschrift erscheint jeden Monat<\/p>\n\n\n\n<p>&gt; CoiffureSUISSE Shop ist der 14-t\u00e4gliche Anzeiger mit Fachteil, Stellenanzeigen und Kleininseraten.<\/p>\n\n\n\n<p>&gt; Estetica Mode Magazin, 4x im Jahr<\/p>\n\n\n\n<p>&gt; Das j\u00e4hrlich erscheinende Estetica Frisuren Album<\/p>\n\n\n\n<div style=\"height:100px\" aria-hidden=\"true\" class=\"wp-block-spacer\"><\/div>\n\n\n<div class=\"wp-block-image\">\n<figure class=\"alignright size-full\"><img loading=\"lazy\" decoding=\"async\" width=\"227\" height=\"231\" src=\"https:\/\/coiffuresuisse-zhsee.ch\/wp-content\/uploads\/2024\/10\/post-it.jpg.png\" alt=\"\" class=\"wp-image-79\"\/><\/figure>\n<\/div>\n\n\n<h3 class=\"wp-block-heading\">Sie m\u00f6chten mehr erfahren? Eine konkrete Offerte? Nehmen Sie Kontakt auf!<\/h3>\n\n\n\n<p>Richten Sie Fragen, Anregungen oder \u00e4nliches direkt an den Vorstand. Gerne Rufen wir Sie auch zur\u00fcck.<\/p>\n","protected":false},"excerpt":{"rendered":"<p>Vorteile mit coiffureSUISSE Vorteile mit coiffureSUISSE Sind Sie Inhaberin oder Inhaber eines Coiffeur Salons? CoiffeurSUISSE bieten Ihnen geldwerte Vorteile und Informationen aus erster Hand. Versicherungen f\u00fcr Ihren Coiffeur Salon coiffureSUISSE bietet Ihnen g\u00fcnstige Versicherungen an, die auf die Bed\u00fcrfnisse Ihres Coiffeurgesch\u00e4ftes abgestimmt sind: > Kranken- und Unfalltaggeld-Versicherung f\u00fcr Inhaberinnen und Inhaber> Krankentaggeld-Versicherung f\u00fcr das Personal>&hellip;&nbsp;<a href=\"https:\/\/coiffuresuisse-zhsee.ch\/?page_id=17\" rel=\"bookmark\">Weiterlesen &raquo;<span class=\"screen-reader-text\">Vorteile mit coiffureSUISSE<\/span><\/a><\/p>\n","protected":false},"author":1,"featured_media":0,"parent":0,"menu_order":0,"comment_status":"closed","ping_status":"closed","template":"","meta":{"neve_meta_sidebar":"","neve_meta_container":"","neve_meta_enable_content_width":"on","neve_meta_content_width":100,"neve_meta_title_alignment":"","neve_meta_author_avatar":"","neve_post_elements_order":"","neve_meta_disable_header":"","neve_meta_disable_footer":"","neve_meta_disable_title":"on","footnotes":""},"class_list":["post-17","page","type-page","status-publish","hentry"],"_links":{"self":[{"href":"https:\/\/coiffuresuisse-zhsee.ch\/index.php?rest_route=\/wp\/v2\/pages\/17","targetHints":{"allow":["GET"]}}],"collection":[{"href":"https:\/\/coiffuresuisse-zhsee.ch\/index.php?rest_route=\/wp\/v2\/pages"}],"about":[{"href":"https:\/\/coiffuresuisse-zhsee.ch\/index.php?rest_route=\/wp\/v2\/types\/page"}],"author":[{"embeddable":true,"href":"https:\/\/coiffuresuisse-zhsee.ch\/index.php?rest_route=\/wp\/v2\/users\/1"}],"replies":[{"embeddable":true,"href":"https:\/\/coiffuresuisse-zhsee.ch\/index.php?rest_route=%2Fwp%2Fv2%2Fcomments&post=17"}],"version-history":[{"count":13,"href":"https:\/\/coiffuresuisse-zhsee.ch\/index.php?rest_route=\/wp\/v2\/pages\/17\/revisions"}],"predecessor-version":[{"id":80,"href":"https:\/\/coiffuresuisse-zhsee.ch\/index.php?rest_route=\/wp\/v2\/pages\/17\/revisions\/80"}],"wp:attachment":[{"href":"https:\/\/coiffuresuisse-zhsee.ch\/index.php?rest_route=%2Fwp%2Fv2%2Fmedia&parent=17"}],"curies":[{"name":"wp","href":"https:\/\/api.w.org\/{rel}","templated":true}]}}