{"id":2,"date":"2024-10-13T12:28:00","date_gmt":"2024-10-13T12:28:00","guid":{"rendered":"https:\/\/coiffuresuisse-zhsee.ch\/?page_id=2"},"modified":"2024-10-14T13:09:59","modified_gmt":"2024-10-14T13:09:59","slug":"sample-page","status":"publish","type":"page","link":"https:\/\/coiffuresuisse-zhsee.ch\/?page_id=2","title":{"rendered":"Zukunftstag-2017"},"content":{"rendered":"\n<h3 class=\"wp-block-heading\">Zukunftstag mit coiffuresuisse Sektion Z\u00fcrichsee in der Capelli Beauty Academy<\/h3>\n\n\n\n<figure class=\"wp-block-image size-full is-resized\"><img fetchpriority=\"high\" decoding=\"async\" width=\"1024\" height=\"683\" src=\"https:\/\/coiffuresuisse-zhsee.ch\/wp-content\/uploads\/2024\/10\/IMG_3967-1024x683-1.jpg\" alt=\"\" class=\"wp-image-132\" style=\"width:640px;height:auto\" srcset=\"https:\/\/coiffuresuisse-zhsee.ch\/wp-content\/uploads\/2024\/10\/IMG_3967-1024x683-1.jpg 1024w, https:\/\/coiffuresuisse-zhsee.ch\/wp-content\/uploads\/2024\/10\/IMG_3967-1024x683-1-300x200.jpg 300w, https:\/\/coiffuresuisse-zhsee.ch\/wp-content\/uploads\/2024\/10\/IMG_3967-1024x683-1-768x512.jpg 768w, https:\/\/coiffuresuisse-zhsee.ch\/wp-content\/uploads\/2024\/10\/IMG_3967-1024x683-1-930x620.jpg 930w\" sizes=\"(max-width: 1024px) 100vw, 1024px\" \/><\/figure>\n\n\n\n<p>Am 10. November 2016, am nationalen Zukunftstag, konnten 16 interessierte Jungs in der Capelli Beauty Academy den Coiffeurberuf hautnah erleben.<\/p>\n\n\n\n<p>Zuerst durften sie erfahren, welche M\u00f6glichkeiten bestehen, diesen interessanten und sehr vielseitigen Beruf zu erlernen und welche Aufstiegsm\u00f6glichkeiten darin enthalten sind. Nat\u00fcrlich auch, welche Voraussetzungen es braucht, um ein guter Coiffeur zu werden.<\/p>\n\n\n\n<p>Am Vormittag lernten sie, wie und wann so ein Haar entsteht und warum und wieviel es \u00fcberhaupt wachsen kann.<br>Als sie das Modell eines Hautquerschnitts gezeigt bekamen, waren sie ganz begeistert: \u201eDas haben wir auch in der Schule gesehen\u201c, rief einer und hatte gleich Fragen dazu.<\/p>\n\n\n\n<p>\u201eEs war richtig toll, dass diese Jungs sich so f\u00fcr den Beruf interessierten und rege am Unterricht mitmachten\u201c, berichtet Frau Yvonne Engelhardt, die Leiterin der ganzheitlichen Coiffeur-Academy.<\/p>\n\n\n\n<p>Auch am Nachmittag, beim praktischen Teil durften die Jungs an \u00dcbungsk\u00f6pfen verschiedene Arbeiten ausprobieren, einlegen mit Wickel, verschiedene Z\u00f6pfe und am Schluss durften sie sich gegenseitig noch die Haare waschen. Anis, der neue Fachlehrer und Experte, half ihnen dabei, damit sie keine Volldusche bekamen. Das war das Highlight des Nachmittags und jeder wollte sich verw\u00f6hnen lassen.<\/p>\n\n\n\n<p>\u201eDa wir jedes Jahr zwei Berufsbesichtigungen \u00e0 20 Jugendlichen mit dem BIZ Uster organisieren, war es diesmal eine Herausforderung, dies nur mit Jungs zu veranstalten, aber es war ein so tolles und lustiges Erlebnis, dass wir das n\u00e4chste Jahr sicher wieder mitmachen am Zukunftstag,\u201c teilte uns die Capelli Beauty Academy mit.<\/p>\n\n\n\n<p>Die coiffuresuisse Sektion Z\u00fcrichsee und Umgebung hat sich bereits wieder f\u00fcr das Jahr 2017 angemeldet.<\/p>\n\n\n\n<p><\/p>\n","protected":false},"excerpt":{"rendered":"<p>Zukunftstag mit coiffuresuisse Sektion Z\u00fcrichsee in der Capelli Beauty Academy Am 10. November 2016, am nationalen Zukunftstag, konnten 16 interessierte Jungs in der Capelli Beauty Academy den Coiffeurberuf hautnah erleben. Zuerst durften sie erfahren, welche M\u00f6glichkeiten bestehen, diesen interessanten und sehr vielseitigen Beruf zu erlernen und welche Aufstiegsm\u00f6glichkeiten darin enthalten sind. Nat\u00fcrlich auch, welche Voraussetzungen&hellip;&nbsp;<a href=\"https:\/\/coiffuresuisse-zhsee.ch\/?page_id=2\" rel=\"bookmark\">Weiterlesen &raquo;<span class=\"screen-reader-text\">Zukunftstag-2017<\/span><\/a><\/p>\n","protected":false},"author":1,"featured_media":0,"parent":0,"menu_order":0,"comment_status":"closed","ping_status":"closed","template":"","meta":{"neve_meta_sidebar":"","neve_meta_container":"","neve_meta_enable_content_width":"","neve_meta_content_width":0,"neve_meta_title_alignment":"","neve_meta_author_avatar":"","neve_post_elements_order":"","neve_meta_disable_header":"","neve_meta_disable_footer":"","neve_meta_disable_title":"","footnotes":""},"class_list":["post-2","page","type-page","status-publish","hentry"],"_links":{"self":[{"href":"https:\/\/coiffuresuisse-zhsee.ch\/index.php?rest_route=\/wp\/v2\/pages\/2","targetHints":{"allow":["GET"]}}],"collection":[{"href":"https:\/\/coiffuresuisse-zhsee.ch\/index.php?rest_route=\/wp\/v2\/pages"}],"about":[{"href":"https:\/\/coiffuresuisse-zhsee.ch\/index.php?rest_route=\/wp\/v2\/types\/page"}],"author":[{"embeddable":true,"href":"https:\/\/coiffuresuisse-zhsee.ch\/index.php?rest_route=\/wp\/v2\/users\/1"}],"replies":[{"embeddable":true,"href":"https:\/\/coiffuresuisse-zhsee.ch\/index.php?rest_route=%2Fwp%2Fv2%2Fcomments&post=2"}],"version-history":[{"count":5,"href":"https:\/\/coiffuresuisse-zhsee.ch\/index.php?rest_route=\/wp\/v2\/pages\/2\/revisions"}],"predecessor-version":[{"id":145,"href":"https:\/\/coiffuresuisse-zhsee.ch\/index.php?rest_route=\/wp\/v2\/pages\/2\/revisions\/145"}],"wp:attachment":[{"href":"https:\/\/coiffuresuisse-zhsee.ch\/index.php?rest_route=%2Fwp%2Fv2%2Fmedia&parent=2"}],"curies":[{"name":"wp","href":"https:\/\/api.w.org\/{rel}","templated":true}]}}