{"id":20,"date":"2024-10-13T16:14:08","date_gmt":"2024-10-13T16:14:08","guid":{"rendered":"https:\/\/coiffuresuisse-zhsee.ch.80-74-153-170.malta.metanet.ch\/?page_id=20"},"modified":"2024-10-14T13:09:12","modified_gmt":"2024-10-14T13:09:12","slug":"projekt-details","status":"publish","type":"page","link":"https:\/\/coiffuresuisse-zhsee.ch\/?page_id=20","title":{"rendered":"Aktuelles"},"content":{"rendered":"\n<div class=\"wp-block-cover alignfull\" style=\"min-height:320px;aspect-ratio:unset;\"><span aria-hidden=\"true\" class=\"wp-block-cover__background has-nv-site-bg-background-color has-background-dim-100 has-background-dim\"><\/span><div class=\"wp-block-cover__inner-container is-layout-flow wp-block-cover-is-layout-flow\">\n<div class=\"wp-block-group\" style=\"padding-right:var(--wp--preset--spacing--30);padding-left:var(--wp--preset--spacing--30)\"><div class=\"wp-block-group__inner-container is-layout-flow wp-block-group-is-layout-flow\">\n<div class=\"wp-block-columns are-vertically-aligned-center is-layout-flex wp-container-core-columns-is-layout-9d6595d7 wp-block-columns-is-layout-flex\">\n<div class=\"wp-block-column is-vertically-aligned-center is-layout-flow wp-block-column-is-layout-flow\" style=\"flex-basis:70%\">\n<div style=\"height:24px\" aria-hidden=\"true\" class=\"wp-block-spacer\"><\/div>\n\n\n\n<h1 class=\"wp-block-heading has-text-align-left has-neve-text-color-color has-text-color\">Aktuelles<\/h1>\n<\/div>\n\n\n\n<div class=\"wp-block-column is-vertically-aligned-center is-layout-flow wp-block-column-is-layout-flow\" style=\"flex-basis:30%\"><\/div>\n<\/div>\n<\/div><\/div>\n<\/div><\/div>\n\n\n\n<p><\/p>\n\n\n\n<div class=\"wp-block-columns is-layout-flex wp-container-core-columns-is-layout-9d6595d7 wp-block-columns-is-layout-flex\">\n<div class=\"wp-block-column is-layout-flow wp-block-column-is-layout-flow\">\n<h3 class=\"wp-block-heading\">Neueste Infos zur Teil- und Abschlusspr\u00fcfung 2017<\/h3>\n\n\n\n<hr class=\"wp-block-separator has-alpha-channel-opacity\"\/>\n\n\n\n<p>Wertvolle Informationen des Kantonalverbandes f\u00fcr Lernende und Lehrmeister zur kommenden Teil- und Abschlusspr\u00fcfungen 2017 im Mitgliederbereich.<\/p>\n<\/div>\n\n\n\n<div class=\"wp-block-column is-layout-flow wp-block-column-is-layout-flow\">\n<figure class=\"wp-block-image size-full\"><a href=\"https:\/\/www.youtube.com\/watch?list=PL39pJGrOaVK497UXkFfUfHm45AlpfWJQp&amp;v=waTIIHuS_Fw\"><img fetchpriority=\"high\" decoding=\"async\" width=\"1024\" height=\"530\" src=\"https:\/\/coiffuresuisse-zhsee.ch\/wp-content\/uploads\/2024\/10\/Samichlaus-im-Barber-Shop-1024x530-1.png\" alt=\"\" class=\"wp-image-131\" srcset=\"https:\/\/coiffuresuisse-zhsee.ch\/wp-content\/uploads\/2024\/10\/Samichlaus-im-Barber-Shop-1024x530-1.png 1024w, https:\/\/coiffuresuisse-zhsee.ch\/wp-content\/uploads\/2024\/10\/Samichlaus-im-Barber-Shop-1024x530-1-300x155.png 300w, https:\/\/coiffuresuisse-zhsee.ch\/wp-content\/uploads\/2024\/10\/Samichlaus-im-Barber-Shop-1024x530-1-768x398.png 768w\" sizes=\"(max-width: 1024px) 100vw, 1024px\" \/><\/a><\/figure>\n\n\n\n<h3 class=\"wp-block-heading\">Was macht eigentlich der Samichlaus\u2026?<\/h3>\n\n\n\n<hr class=\"wp-block-separator has-alpha-channel-opacity\"\/>\n\n\n\n<p>Was macht eigentlich der gute alte Samichlaus, wenn seine Arbeit am 6. Dezember getan ist? Er geht zum Coiffeur! So geschehen diese Woche im neuen Barber Shop bei unserem Mitglied Acqua Verde Hairstyling in W\u00e4denswil. Aber sehen Sie selbst: <a href=\"https:\/\/www.youtube.com\/watch?list=PL39pJGrOaVK497UXkFfUfHm45AlpfWJQp&amp;v=waTIIHuS_Fw\">VIDEO<\/a><\/p>\n<\/div>\n\n\n\n<div class=\"wp-block-column is-layout-flow wp-block-column-is-layout-flow\">\n<figure class=\"wp-block-image size-full\"><img decoding=\"async\" width=\"1024\" height=\"683\" src=\"https:\/\/coiffuresuisse-zhsee.ch\/wp-content\/uploads\/2024\/10\/IMG_3967-1024x683-1.jpg\" alt=\"\" class=\"wp-image-132\" srcset=\"https:\/\/coiffuresuisse-zhsee.ch\/wp-content\/uploads\/2024\/10\/IMG_3967-1024x683-1.jpg 1024w, https:\/\/coiffuresuisse-zhsee.ch\/wp-content\/uploads\/2024\/10\/IMG_3967-1024x683-1-300x200.jpg 300w, https:\/\/coiffuresuisse-zhsee.ch\/wp-content\/uploads\/2024\/10\/IMG_3967-1024x683-1-768x512.jpg 768w, https:\/\/coiffuresuisse-zhsee.ch\/wp-content\/uploads\/2024\/10\/IMG_3967-1024x683-1-930x620.jpg 930w\" sizes=\"(max-width: 1024px) 100vw, 1024px\" \/><\/figure>\n\n\n\n<h3 class=\"wp-block-heading\"><a href=\"https:\/\/coiffuresuisse-zhsee.ch\/?page_id=2\" data-type=\"page\" data-id=\"2\">Zukunftstag mit coiffuresuisse Sektion Z\u00fcrichsee in der Capelli Beauty Academy<\/a><\/h3>\n\n\n\n<hr class=\"wp-block-separator has-alpha-channel-opacity\"\/>\n\n\n\n<p>Am 10. November 2016, am nationalen Zukunftstag, konnten 16 interessierte Jungs in der Capelli Beauty Academy den Coiffeurberuf hautnah erleben. <a href=\"https:\/\/coiffuresuisse-zhsee.ch\/?page_id=2\" data-type=\"page\" data-id=\"2\">Weiterlesen<\/a><\/p>\n\n\n\n<p><\/p>\n<\/div>\n<\/div>\n\n\n\n<p><\/p>\n","protected":false},"excerpt":{"rendered":"<p>Neueste Infos zur Teil- und Abschlusspr\u00fcfung 2017 Wertvolle Informationen des Kantonalverbandes f\u00fcr Lernende und Lehrmeister zur kommenden Teil- und Abschlusspr\u00fcfungen 2017 im Mitgliederbereich. Was macht eigentlich der Samichlaus\u2026? Was macht eigentlich der gute alte Samichlaus, wenn seine Arbeit am 6. Dezember getan ist? Er geht zum Coiffeur! So geschehen diese Woche im neuen Barber Shop&hellip;&nbsp;<a href=\"https:\/\/coiffuresuisse-zhsee.ch\/?page_id=20\" rel=\"bookmark\">Weiterlesen &raquo;<span class=\"screen-reader-text\">Aktuelles<\/span><\/a><\/p>\n","protected":false},"author":1,"featured_media":0,"parent":0,"menu_order":0,"comment_status":"closed","ping_status":"closed","template":"","meta":{"neve_meta_sidebar":"","neve_meta_container":"","neve_meta_enable_content_width":"on","neve_meta_content_width":100,"neve_meta_title_alignment":"","neve_meta_author_avatar":"","neve_post_elements_order":"","neve_meta_disable_header":"","neve_meta_disable_footer":"","neve_meta_disable_title":"on","footnotes":""},"class_list":["post-20","page","type-page","status-publish","hentry"],"_links":{"self":[{"href":"https:\/\/coiffuresuisse-zhsee.ch\/index.php?rest_route=\/wp\/v2\/pages\/20","targetHints":{"allow":["GET"]}}],"collection":[{"href":"https:\/\/coiffuresuisse-zhsee.ch\/index.php?rest_route=\/wp\/v2\/pages"}],"about":[{"href":"https:\/\/coiffuresuisse-zhsee.ch\/index.php?rest_route=\/wp\/v2\/types\/page"}],"author":[{"embeddable":true,"href":"https:\/\/coiffuresuisse-zhsee.ch\/index.php?rest_route=\/wp\/v2\/users\/1"}],"replies":[{"embeddable":true,"href":"https:\/\/coiffuresuisse-zhsee.ch\/index.php?rest_route=%2Fwp%2Fv2%2Fcomments&post=20"}],"version-history":[{"count":11,"href":"https:\/\/coiffuresuisse-zhsee.ch\/index.php?rest_route=\/wp\/v2\/pages\/20\/revisions"}],"predecessor-version":[{"id":144,"href":"https:\/\/coiffuresuisse-zhsee.ch\/index.php?rest_route=\/wp\/v2\/pages\/20\/revisions\/144"}],"wp:attachment":[{"href":"https:\/\/coiffuresuisse-zhsee.ch\/index.php?rest_route=%2Fwp%2Fv2%2Fmedia&parent=20"}],"curies":[{"name":"wp","href":"https:\/\/api.w.org\/{rel}","templated":true}]}}